{"id":8537,"date":"2024-06-05T11:49:48","date_gmt":"2024-06-05T11:49:48","guid":{"rendered":"https:\/\/slick-automotive.com\/useful-information\/"},"modified":"2024-06-11T08:53:52","modified_gmt":"2024-06-11T08:53:52","slug":"informations-sur-la-vente","status":"publish","type":"page","link":"https:\/\/slick-automotive.com\/fr\/informations-sur-la-vente\/","title":{"rendered":"Informations sur la vente"},"content":{"rendered":"\t\t<div data-elementor-type=\"wp-page\" data-elementor-id=\"8537\" class=\"elementor elementor-8537 elementor-8532\">\n\t\t\t\t<div class=\"elementor-element elementor-element-33874f8 e-flex e-con-boxed elementor-invisible e-con e-parent\" data-id=\"33874f8\" data-element_type=\"container\" data-settings=\"{&quot;animation&quot;:&quot;slide-up&quot;}\">\n\t\t\t\t\t<div class=\"e-con-inner\">\n\t\t<div class=\"elementor-element elementor-element-b1ca8e4 e-con-full e-flex e-con e-child\" data-id=\"b1ca8e4\" data-element_type=\"container\">\n\t\t\t\t<div class=\"elementor-element elementor-element-8cd074f elementor-widget elementor-widget-text-editor\" data-id=\"8cd074f\" data-element_type=\"widget\" data-widget_type=\"text-editor.default\">\n\t\t\t\t<div class=\"elementor-widget-container\">\n\t\t\t<style>\/*! elementor - v3.21.0 - 26-05-2024 *\/\n.elementor-widget-text-editor.elementor-drop-cap-view-stacked .elementor-drop-cap{background-color:#69727d;color:#fff}.elementor-widget-text-editor.elementor-drop-cap-view-framed .elementor-drop-cap{color:#69727d;border:3px solid;background-color:transparent}.elementor-widget-text-editor:not(.elementor-drop-cap-view-default) .elementor-drop-cap{margin-top:8px}.elementor-widget-text-editor:not(.elementor-drop-cap-view-default) .elementor-drop-cap-letter{width:1em;height:1em}.elementor-widget-text-editor .elementor-drop-cap{float:left;text-align:center;line-height:1;font-size:50px}.elementor-widget-text-editor .elementor-drop-cap-letter{display:inline-block}<\/style>\t\t\t\t<ul><li><span dir=\"ltr\" role=\"presentation\">Nous certifions que les v\u00e9hicules que nous vendons ont \u00e9t\u00e9 inspect\u00e9s et <\/span><span dir=\"ltr\" role=\"presentation\">sont dans un \u00e9tat irr\u00e9prochable.<\/span><\/li><li><span dir=\"ltr\" role=\"presentation\">Chaque v\u00e9hicule vendu aura un carnet d\u2019entretien \u00e0 jour et tous les <\/span><span dir=\"ltr\" role=\"presentation\">documents n\u00e9cessaires \u00e0 la bonne utilisation de celui-ci.<\/span><\/li><li><span dir=\"ltr\" role=\"presentation\">Tout v\u00e9hicule vendu fera l\u2019objet d\u2019un nettoyage complet.<\/span><\/li><li><span dir=\"ltr\" role=\"presentation\">Vous pouvez compter sur notre service apr\u00e8s-vente en cas de question ou <\/span><span dir=\"ltr\" role=\"presentation\">de renseignement suppl\u00e9mentaire pour le suivi et l\u2019entretien du v\u00e9hicule.<\/span><\/li><\/ul>\t\t\t\t\t\t<\/div>\n\t\t\t\t<\/div>\n\t\t\t\t<\/div>\n\t\t\t\t\t<\/div>\n\t\t\t\t<\/div>\n\t\t\t\t<\/div>\n\t\t","protected":false},"excerpt":{"rendered":"<p>Nous certifions que les v\u00e9hicules que nous vendons ont \u00e9t\u00e9 inspect\u00e9s et sont dans un \u00e9tat irr\u00e9prochable. Chaque v\u00e9hicule vendu aura un carnet d\u2019entretien \u00e0 jour et tous les documents n\u00e9cessaires \u00e0 la bonne utilisation de celui-ci. Tout v\u00e9hicule vendu fera l\u2019objet d\u2019un nettoyage complet. Vous pouvez compter sur notre service apr\u00e8s-vente en cas de [&hellip;]<\/p>\n","protected":false},"author":2,"featured_media":0,"parent":0,"menu_order":0,"comment_status":"closed","ping_status":"closed","template":"","meta":{"inline_featured_image":false,"footnotes":"","_links_to":"","_links_to_target":""},"yoast_head":"<!-- This site is optimized with the Yoast SEO plugin v22.9 - https:\/\/yoast.com\/wordpress\/plugins\/seo\/ -->\n<title>Informations sur la vente - Slick Automotive<\/title>\n<meta name=\"description\" content=\"Consultez les informations concernant la vente de v\u00e9hicules chez Slick Automotive afin d&#039;en savoir plus sur nos conditions.\" \/>\n<meta name=\"robots\" content=\"index, follow, max-snippet:-1, max-image-preview:large, max-video-preview:-1\" \/>\n<link rel=\"canonical\" href=\"https:\/\/slick-automotive.com\/fr\/informations-sur-la-vente\/\" \/>\n<meta property=\"og:locale\" content=\"fr_FR\" \/>\n<meta property=\"og:type\" content=\"article\" \/>\n<meta property=\"og:title\" content=\"Informations sur la vente - Slick Automotive\" \/>\n<meta property=\"og:description\" content=\"Consultez les informations concernant la vente de v\u00e9hicules chez Slick Automotive afin d&#039;en savoir plus sur nos conditions.\" \/>\n<meta property=\"og:url\" content=\"https:\/\/slick-automotive.com\/fr\/informations-sur-la-vente\/\" \/>\n<meta property=\"og:site_name\" content=\"Slick Automotive\" \/>\n<meta property=\"article:modified_time\" content=\"2024-06-11T08:53:52+00:00\" \/>\n<meta name=\"twitter:card\" content=\"summary_large_image\" \/>\n<meta name=\"twitter:label1\" content=\"Dur\u00e9e de lecture estim\u00e9e\" \/>\n\t<meta name=\"twitter:data1\" content=\"1 minute\" \/>\n<script type=\"application\/ld+json\" class=\"yoast-schema-graph\">{\"@context\":\"https:\/\/schema.org\",\"@graph\":[{\"@type\":\"WebPage\",\"@id\":\"https:\/\/slick-automotive.com\/fr\/informations-sur-la-vente\/\",\"url\":\"https:\/\/slick-automotive.com\/fr\/informations-sur-la-vente\/\",\"name\":\"Informations sur la vente - Slick Automotive\",\"isPartOf\":{\"@id\":\"https:\/\/slick-automotive.com\/fr\/#website\"},\"datePublished\":\"2024-06-05T11:49:48+00:00\",\"dateModified\":\"2024-06-11T08:53:52+00:00\",\"description\":\"Consultez les informations concernant la vente de v\u00e9hicules chez Slick Automotive afin d'en savoir plus sur nos conditions.\",\"breadcrumb\":{\"@id\":\"https:\/\/slick-automotive.com\/fr\/informations-sur-la-vente\/#breadcrumb\"},\"inLanguage\":\"fr-FR\",\"potentialAction\":[{\"@type\":\"ReadAction\",\"target\":[\"https:\/\/slick-automotive.com\/fr\/informations-sur-la-vente\/\"]}]},{\"@type\":\"BreadcrumbList\",\"@id\":\"https:\/\/slick-automotive.com\/fr\/informations-sur-la-vente\/#breadcrumb\",\"itemListElement\":[{\"@type\":\"ListItem\",\"position\":1,\"name\":\"Accueil\",\"item\":\"https:\/\/slick-automotive.com\/fr\/\"},{\"@type\":\"ListItem\",\"position\":2,\"name\":\"Informations sur la vente\"}]},{\"@type\":\"WebSite\",\"@id\":\"https:\/\/slick-automotive.com\/fr\/#website\",\"url\":\"https:\/\/slick-automotive.com\/fr\/\",\"name\":\"Slick Automotive\",\"description\":\"\",\"potentialAction\":[{\"@type\":\"SearchAction\",\"target\":{\"@type\":\"EntryPoint\",\"urlTemplate\":\"https:\/\/slick-automotive.com\/fr\/?s={search_term_string}\"},\"query-input\":\"required name=search_term_string\"}],\"inLanguage\":\"fr-FR\"}]}<\/script>\n<!-- \/ Yoast SEO plugin. -->","yoast_head_json":{"title":"Informations sur la vente - Slick Automotive","description":"Consultez les informations concernant la vente de v\u00e9hicules chez Slick Automotive afin d'en savoir plus sur nos conditions.","robots":{"index":"index","follow":"follow","max-snippet":"max-snippet:-1","max-image-preview":"max-image-preview:large","max-video-preview":"max-video-preview:-1"},"canonical":"https:\/\/slick-automotive.com\/fr\/informations-sur-la-vente\/","og_locale":"fr_FR","og_type":"article","og_title":"Informations sur la vente - Slick Automotive","og_description":"Consultez les informations concernant la vente de v\u00e9hicules chez Slick Automotive afin d'en savoir plus sur nos conditions.","og_url":"https:\/\/slick-automotive.com\/fr\/informations-sur-la-vente\/","og_site_name":"Slick Automotive","article_modified_time":"2024-06-11T08:53:52+00:00","twitter_card":"summary_large_image","twitter_misc":{"Dur\u00e9e de lecture estim\u00e9e":"1 minute"},"schema":{"@context":"https:\/\/schema.org","@graph":[{"@type":"WebPage","@id":"https:\/\/slick-automotive.com\/fr\/informations-sur-la-vente\/","url":"https:\/\/slick-automotive.com\/fr\/informations-sur-la-vente\/","name":"Informations sur la vente - Slick Automotive","isPartOf":{"@id":"https:\/\/slick-automotive.com\/fr\/#website"},"datePublished":"2024-06-05T11:49:48+00:00","dateModified":"2024-06-11T08:53:52+00:00","description":"Consultez les informations concernant la vente de v\u00e9hicules chez Slick Automotive afin d'en savoir plus sur nos conditions.","breadcrumb":{"@id":"https:\/\/slick-automotive.com\/fr\/informations-sur-la-vente\/#breadcrumb"},"inLanguage":"fr-FR","potentialAction":[{"@type":"ReadAction","target":["https:\/\/slick-automotive.com\/fr\/informations-sur-la-vente\/"]}]},{"@type":"BreadcrumbList","@id":"https:\/\/slick-automotive.com\/fr\/informations-sur-la-vente\/#breadcrumb","itemListElement":[{"@type":"ListItem","position":1,"name":"Accueil","item":"https:\/\/slick-automotive.com\/fr\/"},{"@type":"ListItem","position":2,"name":"Informations sur la vente"}]},{"@type":"WebSite","@id":"https:\/\/slick-automotive.com\/fr\/#website","url":"https:\/\/slick-automotive.com\/fr\/","name":"Slick Automotive","description":"","potentialAction":[{"@type":"SearchAction","target":{"@type":"EntryPoint","urlTemplate":"https:\/\/slick-automotive.com\/fr\/?s={search_term_string}"},"query-input":"required name=search_term_string"}],"inLanguage":"fr-FR"}]}},"_links":{"self":[{"href":"https:\/\/slick-automotive.com\/fr\/wp-json\/wp\/v2\/pages\/8537"}],"collection":[{"href":"https:\/\/slick-automotive.com\/fr\/wp-json\/wp\/v2\/pages"}],"about":[{"href":"https:\/\/slick-automotive.com\/fr\/wp-json\/wp\/v2\/types\/page"}],"author":[{"embeddable":true,"href":"https:\/\/slick-automotive.com\/fr\/wp-json\/wp\/v2\/users\/2"}],"replies":[{"embeddable":true,"href":"https:\/\/slick-automotive.com\/fr\/wp-json\/wp\/v2\/comments?post=8537"}],"version-history":[{"count":5,"href":"https:\/\/slick-automotive.com\/fr\/wp-json\/wp\/v2\/pages\/8537\/revisions"}],"predecessor-version":[{"id":8542,"href":"https:\/\/slick-automotive.com\/fr\/wp-json\/wp\/v2\/pages\/8537\/revisions\/8542"}],"wp:attachment":[{"href":"https:\/\/slick-automotive.com\/fr\/wp-json\/wp\/v2\/media?parent=8537"}],"curies":[{"name":"wp","href":"https:\/\/api.w.org\/{rel}","templated":true}]}}