{"id":8702,"date":"2024-04-26T14:30:53","date_gmt":"2024-04-26T14:30:53","guid":{"rendered":"https:\/\/slick-automotive.com\/contact\/"},"modified":"2024-06-11T08:51:45","modified_gmt":"2024-06-11T08:51:45","slug":"contact","status":"publish","type":"page","link":"https:\/\/slick-automotive.com\/fr\/contact\/","title":{"rendered":"Contact"},"content":{"rendered":"\t\t<div data-elementor-type=\"wp-page\" data-elementor-id=\"8702\" class=\"elementor elementor-8702 elementor-7096\">\n\t\t\t\t<div class=\"elementor-element elementor-element-b26b8e9 elementor-hidden-desktop elementor-hidden-tablet elementor-hidden-mobile e-flex e-con-boxed elementor-invisible e-con e-parent\" data-id=\"b26b8e9\" data-element_type=\"container\" data-settings=\"{&quot;animation&quot;:&quot;slide-up&quot;,&quot;background_background&quot;:&quot;classic&quot;}\">\n\t\t\t\t\t<div class=\"e-con-inner\">\n\t\t<div class=\"elementor-element elementor-element-7fed16b e-con-full e-flex e-con e-child\" data-id=\"7fed16b\" data-element_type=\"container\">\n\t\t\t\t<div class=\"elementor-element elementor-element-424ec11 elementor-widget elementor-widget-heading\" data-id=\"424ec11\" data-element_type=\"widget\" data-widget_type=\"heading.default\">\n\t\t\t\t<div class=\"elementor-widget-container\">\n\t\t\t<style>\/*! elementor - v3.21.0 - 26-05-2024 *\/\n.elementor-heading-title{padding:0;margin:0;line-height:1}.elementor-widget-heading .elementor-heading-title[class*=elementor-size-]>a{color:inherit;font-size:inherit;line-height:inherit}.elementor-widget-heading .elementor-heading-title.elementor-size-small{font-size:15px}.elementor-widget-heading .elementor-heading-title.elementor-size-medium{font-size:19px}.elementor-widget-heading .elementor-heading-title.elementor-size-large{font-size:29px}.elementor-widget-heading .elementor-heading-title.elementor-size-xl{font-size:39px}.elementor-widget-heading .elementor-heading-title.elementor-size-xxl{font-size:59px}<\/style><h1 class=\"elementor-heading-title elementor-size-default\">Contact us<\/h1>\t\t<\/div>\n\t\t\t\t<\/div>\n\t\t\t\t<\/div>\n\t\t\t\t\t<\/div>\n\t\t\t\t<\/div>\n\t\t<div class=\"elementor-element elementor-element-1ec83cf e-flex e-con-boxed elementor-invisible e-con e-parent\" data-id=\"1ec83cf\" data-element_type=\"container\" data-settings=\"{&quot;animation&quot;:&quot;slide-up&quot;}\">\n\t\t\t\t\t<div class=\"e-con-inner\">\n\t\t<div class=\"elementor-element elementor-element-f993441 e-con-full e-flex e-con e-child\" data-id=\"f993441\" data-element_type=\"container\">\n\t\t\t\t<div class=\"elementor-element elementor-element-8b8cedb elementor-widget elementor-widget-text-editor\" data-id=\"8b8cedb\" data-element_type=\"widget\" data-widget_type=\"text-editor.default\">\n\t\t\t\t<div class=\"elementor-widget-container\">\n\t\t\t<style>\/*! elementor - v3.21.0 - 26-05-2024 *\/\n.elementor-widget-text-editor.elementor-drop-cap-view-stacked .elementor-drop-cap{background-color:#69727d;color:#fff}.elementor-widget-text-editor.elementor-drop-cap-view-framed .elementor-drop-cap{color:#69727d;border:3px solid;background-color:transparent}.elementor-widget-text-editor:not(.elementor-drop-cap-view-default) .elementor-drop-cap{margin-top:8px}.elementor-widget-text-editor:not(.elementor-drop-cap-view-default) .elementor-drop-cap-letter{width:1em;height:1em}.elementor-widget-text-editor .elementor-drop-cap{float:left;text-align:center;line-height:1;font-size:50px}.elementor-widget-text-editor .elementor-drop-cap-letter{display:inline-block}<\/style>\t\t\t\t<p>N&rsquo;h\u00e9sitez pas \u00e0 nous contacter pour toute demande, notre \u00e9quipe vous assistera dans les meilleurs d\u00e9lais.<\/p>\t\t\t\t\t\t<\/div>\n\t\t\t\t<\/div>\n\t\t\t\t<div class=\"elementor-element elementor-element-333003f elementor-widget elementor-widget-shortcode\" data-id=\"333003f\" data-element_type=\"widget\" data-widget_type=\"shortcode.default\">\n\t\t\t\t<div class=\"elementor-widget-container\">\n\t\t\t\t\t<div class=\"elementor-shortcode\">\n<div class=\"wpcf7 no-js\" id=\"wpcf7-f8531-o1\" lang=\"fr-FR\" dir=\"ltr\">\n<div class=\"screen-reader-response\"><p role=\"status\" aria-live=\"polite\" aria-atomic=\"true\"><\/p> <ul><\/ul><\/div>\n<form action=\"\/fr\/wp-json\/wp\/v2\/pages\/8702#wpcf7-f8531-o1\" method=\"post\" class=\"wpcf7-form init\" aria-label=\"Formulaire de contact\" novalidate=\"novalidate\" data-status=\"init\">\n<div style=\"display: none;\">\n<input type=\"hidden\" name=\"_wpcf7\" value=\"8531\" \/>\n<input type=\"hidden\" name=\"_wpcf7_version\" value=\"5.9.6\" \/>\n<input type=\"hidden\" name=\"_wpcf7_locale\" value=\"fr_FR\" \/>\n<input type=\"hidden\" name=\"_wpcf7_unit_tag\" value=\"wpcf7-f8531-o1\" \/>\n<input type=\"hidden\" name=\"_wpcf7_container_post\" value=\"0\" \/>\n<input type=\"hidden\" name=\"_wpcf7_posted_data_hash\" value=\"\" \/>\n<input type=\"hidden\" name=\"_wpcf7_recaptcha_response\" value=\"\" \/>\n<\/div>\n<div class=\"row\">\n\t<div class=\"col-12 col-md-6\">\n\t\t<div class=\"form-group\">\n\t\t\t<p><label>Name*<\/label><br \/>\n<span class=\"wpcf7-form-control-wrap\" data-name=\"your-first-name\"><input size=\"40\" maxlength=\"80\" class=\"wpcf7-form-control wpcf7-text wpcf7-validates-as-required form-control\" aria-required=\"true\" aria-invalid=\"false\" value=\"Name\" type=\"text\" name=\"your-first-name\" \/><\/span>\n\t\t\t<\/p>\n\t\t<\/div>\n\t<\/div>\n\t<div class=\"col-12 col-md-6\">\n\t\t<div class=\"form-group\">\n\t\t\t<p><label>Last Name*<\/label><br \/>\n<span class=\"wpcf7-form-control-wrap\" data-name=\"your-last-name\"><input size=\"40\" maxlength=\"80\" class=\"wpcf7-form-control wpcf7-text wpcf7-validates-as-required form-control\" aria-required=\"true\" aria-invalid=\"false\" value=\"Last Name\" type=\"text\" name=\"your-last-name\" \/><\/span>\n\t\t\t<\/p>\n\t\t<\/div>\n\t<\/div>\n<\/div>\n<div class=\"row\">\n\t<div class=\"col-12 col-md-6\">\n\t\t<div class=\"form-group\">\n\t\t\t<p><label>Email*<\/label><br \/>\n<span class=\"wpcf7-form-control-wrap\" data-name=\"your-email\"><input size=\"40\" maxlength=\"80\" class=\"wpcf7-form-control wpcf7-email wpcf7-validates-as-required wpcf7-text wpcf7-validates-as-email form-control\" aria-required=\"true\" aria-invalid=\"false\" value=\"exemple@gmail.com\" type=\"email\" name=\"your-email\" \/><\/span>\n\t\t\t<\/p>\n\t\t<\/div>\n\t<\/div>\n\t<div class=\"col-12 col-md-6\">\n\t\t<div class=\"form-group\">\n\t\t\t<p><label>Phone number<\/label><br \/>\n<span class=\"wpcf7-form-control-wrap\" data-name=\"your-phone\"><input size=\"40\" maxlength=\"80\" class=\"wpcf7-form-control wpcf7-text form-control\" aria-invalid=\"false\" value=\"+90 123 456 789\" type=\"text\" name=\"your-phone\" \/><\/span>\n\t\t\t<\/p>\n\t\t<\/div>\n\t<\/div>\n<\/div>\n<div class=\"form-group\">\n\t<p><label>Message<\/label><span class=\"wpcf7-form-control-wrap\" data-name=\"your-message\"><textarea cols=\"40\" rows=\"10\" maxlength=\"400\" class=\"wpcf7-form-control wpcf7-textarea form-control\" aria-invalid=\"false\" placeholder=\"Message\" name=\"your-message\"><\/textarea><\/span>\n\t<\/p>\n<\/div>\n<p><span class=\"wpcf7-form-control-wrap\" data-name=\"acceptance\"><span class=\"wpcf7-form-control wpcf7-acceptance\"><span class=\"wpcf7-list-item\"><label><input type=\"checkbox\" name=\"acceptance\" value=\"1\" aria-invalid=\"false\" \/><span class=\"wpcf7-list-item-label\">I agree that my personal data may be used in connection with my request and I confirm that I have read <a href=\"privacy-policy\">privacy policy<\/a>*.<\/span><\/label><\/span><\/span><\/span>\n<\/p>\n<div class=\"position-relative d-inline-block\">\n\t<p><input class=\"wpcf7-form-control wpcf7-submit has-spinner btn btn-theme\" type=\"submit\" value=\"Send Message\" \/>\n\t<\/p>\n<\/div><div class=\"wpcf7-response-output\" aria-hidden=\"true\"><\/div>\n<\/form>\n<\/div>\n<\/div>\n\t\t\t\t<\/div>\n\t\t\t\t<\/div>\n\t\t\t\t<\/div>\n\t\t<div class=\"elementor-element elementor-element-d49fa9a e-con-full elementor-hidden-tablet elementor-hidden-mobile e-flex e-con e-child\" data-id=\"d49fa9a\" data-element_type=\"container\">\n\t\t\t\t<\/div>\n\t\t<div class=\"elementor-element elementor-element-dabbde7 e-con-full e-flex e-con e-child\" data-id=\"dabbde7\" data-element_type=\"container\">\n\t\t\t\t<div class=\"elementor-element elementor-element-9ae4132 elementor-widget elementor-widget-heading\" data-id=\"9ae4132\" data-element_type=\"widget\" data-widget_type=\"heading.default\">\n\t\t\t\t<div class=\"elementor-widget-container\">\n\t\t\t<h2 class=\"elementor-heading-title elementor-size-default\">D\u00e9tails de contact<\/h2>\t\t<\/div>\n\t\t\t\t<\/div>\n\t\t\t\t<div class=\"elementor-element elementor-element-5f1ab09 elementor-widget elementor-widget-apus_element_list_icon\" data-id=\"5f1ab09\" data-element_type=\"widget\" data-widget_type=\"apus_element_list_icon.default\">\n\t\t\t\t<div class=\"elementor-widget-container\">\n\t\t\t            <div class=\"widget-list-icon \">\n                                                <div class=\"list-icon d-flex style1\">\n                                    <div class=\"features-box-image icon\"><i aria-hidden=\"true\" class=\" ti-location-pin\"><\/i><\/div><div class=\"box-content\"><h3 class=\"title\">Adresse<\/h3><div class=\"description\">Avenue Louise, 485<br\/>\n1050 Bruxelles | Belgique<\/div><\/div>\n                            <\/div>\n                                                <div class=\"list-icon d-flex style1\">\n                                    <div class=\"features-box-image icon\"><i aria-hidden=\"true\" class=\" ti-location-pin\"><\/i><\/div><div class=\"box-content\"><h3 class=\"title\">Showroom<\/h3><div class=\"description\">Sur rendez-vous uniquement<\/div><\/div>\n                            <\/div>\n                                                <div class=\"list-icon d-flex style1\">\n                                    <div class=\"features-box-image icon\"><i aria-hidden=\"true\" class=\" ti-email\"><\/i><\/div><div class=\"box-content\"><a href=\"mailto:contact@slick-automotive.com\" target=\"_self\" ><h3 class=\"title\">Email<\/h3><\/a><div class=\"description\">contact@slick-automotive.com<\/div><\/div>\n                            <\/div>\n                                                <div class=\"list-icon d-flex style1\">\n                                    <div class=\"features-box-image icon\"><i aria-hidden=\"true\" class=\" ti-mobile\"><\/i><\/div><div class=\"box-content\"><a href=\"tel:+32496557812\" target=\"_self\" ><h3 class=\"title\">T\u00e9l\u00e9phone<\/h3><\/a><div class=\"description\">+32 (0) 496 55 78 12<\/div><\/div>\n                            <\/div>\n                                <\/div>\n            \t\t<\/div>\n\t\t\t\t<\/div>\n\t\t\t\t<div class=\"elementor-element elementor-element-82cac6a elementor-widget elementor-widget-heading\" data-id=\"82cac6a\" data-element_type=\"widget\" data-widget_type=\"heading.default\">\n\t\t\t\t<div class=\"elementor-widget-container\">\n\t\t\t<h2 class=\"elementor-heading-title elementor-size-default\">Suivez-nous<\/h2>\t\t<\/div>\n\t\t\t\t<\/div>\n\t\t\t\t<div class=\"elementor-element elementor-element-7483895 elementor-widget elementor-widget-apus_element_social_links\" data-id=\"7483895\" data-element_type=\"widget\" data-widget_type=\"apus_element_social_links.default\">\n\t\t\t\t<div class=\"elementor-widget-container\">\n\t\t\t\n        <div class=\"widget-socials  \">\n                        <ul class=\"social list-inline\">\n                                    <li>\n                        <a href=\"https:\/\/www.instagram.com\/slickautomotive\/\" target=\"_blank\">\n                            <i class=\"fab fa-instagram\"><\/i>                        <\/a>\n                    <\/li>\n                            <\/ul>\n        <\/div> \n        \t\t<\/div>\n\t\t\t\t<\/div>\n\t\t\t\t<\/div>\n\t\t\t\t\t<\/div>\n\t\t\t\t<\/div>\n\t\t\t\t<\/div>\n\t\t","protected":false},"excerpt":{"rendered":"<p>Contact us N&rsquo;h\u00e9sitez pas \u00e0 nous contacter pour toute demande, notre \u00e9quipe vous assistera dans les meilleurs d\u00e9lais. D\u00e9tails de contact Adresse Avenue Louise, 485 1050 Bruxelles | Belgique Showroom Sur rendez-vous uniquement Email contact@slick-automotive.com T\u00e9l\u00e9phone +32 (0) 496 55 78 12 Suivez-nous<\/p>\n","protected":false},"author":2,"featured_media":0,"parent":0,"menu_order":0,"comment_status":"closed","ping_status":"closed","template":"","meta":{"inline_featured_image":false,"footnotes":"","_links_to":"","_links_to_target":""},"yoast_head":"<!-- This site is optimized with the Yoast SEO plugin v22.9 - https:\/\/yoast.com\/wordpress\/plugins\/seo\/ -->\n<title>Contact - Slick Automotive<\/title>\n<meta name=\"description\" content=\"Prenez contact avec Slick Automotive pour vos projets de vente ou d&#039;achat de v\u00e9hicule sportif et exclusif.\" \/>\n<meta name=\"robots\" content=\"index, follow, max-snippet:-1, max-image-preview:large, max-video-preview:-1\" \/>\n<link rel=\"canonical\" href=\"https:\/\/slick-automotive.com\/fr\/contact\/\" \/>\n<meta property=\"og:locale\" content=\"fr_FR\" \/>\n<meta property=\"og:type\" content=\"article\" \/>\n<meta property=\"og:title\" content=\"Contact - Slick Automotive\" \/>\n<meta property=\"og:description\" content=\"Prenez contact avec Slick Automotive pour vos projets de vente ou d&#039;achat de v\u00e9hicule sportif et exclusif.\" \/>\n<meta property=\"og:url\" content=\"https:\/\/slick-automotive.com\/fr\/contact\/\" \/>\n<meta property=\"og:site_name\" content=\"Slick Automotive\" \/>\n<meta property=\"article:modified_time\" content=\"2024-06-11T08:51:45+00:00\" \/>\n<meta name=\"twitter:card\" content=\"summary_large_image\" \/>\n<meta name=\"twitter:label1\" content=\"Dur\u00e9e de lecture estim\u00e9e\" \/>\n\t<meta name=\"twitter:data1\" content=\"1 minute\" \/>\n<script type=\"application\/ld+json\" class=\"yoast-schema-graph\">{\"@context\":\"https:\/\/schema.org\",\"@graph\":[{\"@type\":\"WebPage\",\"@id\":\"https:\/\/slick-automotive.com\/fr\/contact\/\",\"url\":\"https:\/\/slick-automotive.com\/fr\/contact\/\",\"name\":\"Contact - Slick Automotive\",\"isPartOf\":{\"@id\":\"https:\/\/slick-automotive.com\/fr\/#website\"},\"datePublished\":\"2024-04-26T14:30:53+00:00\",\"dateModified\":\"2024-06-11T08:51:45+00:00\",\"description\":\"Prenez contact avec Slick Automotive pour vos projets de vente ou d'achat de v\u00e9hicule sportif et exclusif.\",\"breadcrumb\":{\"@id\":\"https:\/\/slick-automotive.com\/fr\/contact\/#breadcrumb\"},\"inLanguage\":\"fr-FR\",\"potentialAction\":[{\"@type\":\"ReadAction\",\"target\":[\"https:\/\/slick-automotive.com\/fr\/contact\/\"]}]},{\"@type\":\"BreadcrumbList\",\"@id\":\"https:\/\/slick-automotive.com\/fr\/contact\/#breadcrumb\",\"itemListElement\":[{\"@type\":\"ListItem\",\"position\":1,\"name\":\"Accueil\",\"item\":\"https:\/\/slick-automotive.com\/fr\/\"},{\"@type\":\"ListItem\",\"position\":2,\"name\":\"Contact\"}]},{\"@type\":\"WebSite\",\"@id\":\"https:\/\/slick-automotive.com\/fr\/#website\",\"url\":\"https:\/\/slick-automotive.com\/fr\/\",\"name\":\"Slick Automotive\",\"description\":\"\",\"potentialAction\":[{\"@type\":\"SearchAction\",\"target\":{\"@type\":\"EntryPoint\",\"urlTemplate\":\"https:\/\/slick-automotive.com\/fr\/?s={search_term_string}\"},\"query-input\":\"required name=search_term_string\"}],\"inLanguage\":\"fr-FR\"}]}<\/script>\n<!-- \/ Yoast SEO plugin. -->","yoast_head_json":{"title":"Contact - Slick Automotive","description":"Prenez contact avec Slick Automotive pour vos projets de vente ou d'achat de v\u00e9hicule sportif et exclusif.","robots":{"index":"index","follow":"follow","max-snippet":"max-snippet:-1","max-image-preview":"max-image-preview:large","max-video-preview":"max-video-preview:-1"},"canonical":"https:\/\/slick-automotive.com\/fr\/contact\/","og_locale":"fr_FR","og_type":"article","og_title":"Contact - Slick Automotive","og_description":"Prenez contact avec Slick Automotive pour vos projets de vente ou d'achat de v\u00e9hicule sportif et exclusif.","og_url":"https:\/\/slick-automotive.com\/fr\/contact\/","og_site_name":"Slick Automotive","article_modified_time":"2024-06-11T08:51:45+00:00","twitter_card":"summary_large_image","twitter_misc":{"Dur\u00e9e de lecture estim\u00e9e":"1 minute"},"schema":{"@context":"https:\/\/schema.org","@graph":[{"@type":"WebPage","@id":"https:\/\/slick-automotive.com\/fr\/contact\/","url":"https:\/\/slick-automotive.com\/fr\/contact\/","name":"Contact - Slick Automotive","isPartOf":{"@id":"https:\/\/slick-automotive.com\/fr\/#website"},"datePublished":"2024-04-26T14:30:53+00:00","dateModified":"2024-06-11T08:51:45+00:00","description":"Prenez contact avec Slick Automotive pour vos projets de vente ou d'achat de v\u00e9hicule sportif et exclusif.","breadcrumb":{"@id":"https:\/\/slick-automotive.com\/fr\/contact\/#breadcrumb"},"inLanguage":"fr-FR","potentialAction":[{"@type":"ReadAction","target":["https:\/\/slick-automotive.com\/fr\/contact\/"]}]},{"@type":"BreadcrumbList","@id":"https:\/\/slick-automotive.com\/fr\/contact\/#breadcrumb","itemListElement":[{"@type":"ListItem","position":1,"name":"Accueil","item":"https:\/\/slick-automotive.com\/fr\/"},{"@type":"ListItem","position":2,"name":"Contact"}]},{"@type":"WebSite","@id":"https:\/\/slick-automotive.com\/fr\/#website","url":"https:\/\/slick-automotive.com\/fr\/","name":"Slick Automotive","description":"","potentialAction":[{"@type":"SearchAction","target":{"@type":"EntryPoint","urlTemplate":"https:\/\/slick-automotive.com\/fr\/?s={search_term_string}"},"query-input":"required name=search_term_string"}],"inLanguage":"fr-FR"}]}},"_links":{"self":[{"href":"https:\/\/slick-automotive.com\/fr\/wp-json\/wp\/v2\/pages\/8702"}],"collection":[{"href":"https:\/\/slick-automotive.com\/fr\/wp-json\/wp\/v2\/pages"}],"about":[{"href":"https:\/\/slick-automotive.com\/fr\/wp-json\/wp\/v2\/types\/page"}],"author":[{"embeddable":true,"href":"https:\/\/slick-automotive.com\/fr\/wp-json\/wp\/v2\/users\/2"}],"replies":[{"embeddable":true,"href":"https:\/\/slick-automotive.com\/fr\/wp-json\/wp\/v2\/comments?post=8702"}],"version-history":[{"count":18,"href":"https:\/\/slick-automotive.com\/fr\/wp-json\/wp\/v2\/pages\/8702\/revisions"}],"predecessor-version":[{"id":8884,"href":"https:\/\/slick-automotive.com\/fr\/wp-json\/wp\/v2\/pages\/8702\/revisions\/8884"}],"wp:attachment":[{"href":"https:\/\/slick-automotive.com\/fr\/wp-json\/wp\/v2\/media?parent=8702"}],"curies":[{"name":"wp","href":"https:\/\/api.w.org\/{rel}","templated":true}]}}